{"id":3,"date":"2021-01-28T15:19:57","date_gmt":"2021-01-28T15:19:57","guid":{"rendered":"https:\/\/angelica-se.hu\/?page_id=3"},"modified":"2021-04-05T07:41:46","modified_gmt":"2021-04-05T07:41:46","slug":"adatkezelesi-tajekoztato","status":"publish","type":"page","link":"https:\/\/angelica-se.hu\/?page_id=3","title":{"rendered":"Adatv\u00e9delem"},"content":{"rendered":"\t\t<div data-elementor-type=\"wp-page\" data-elementor-id=\"3\" class=\"elementor elementor-3\">\n\t\t\t\t\t\t<section class=\"elementor-section elementor-top-section elementor-element elementor-element-e4cfc84 elementor-section-boxed elementor-section-height-default elementor-section-height-default\" data-id=\"e4cfc84\" data-element_type=\"section\" data-e-type=\"section\">\n\t\t\t\t\t\t<div class=\"elementor-container elementor-column-gap-default\">\n\t\t\t\t\t<div class=\"elementor-column elementor-col-100 elementor-top-column elementor-element elementor-element-aaded05\" data-id=\"aaded05\" data-element_type=\"column\" data-e-type=\"column\">\n\t\t\t<div class=\"elementor-widget-wrap elementor-element-populated\">\n\t\t\t\t\t\t<div class=\"elementor-element elementor-element-df3d93f elementor-widget elementor-widget-text-editor\" data-id=\"df3d93f\" data-element_type=\"widget\" data-e-type=\"widget\" data-widget_type=\"text-editor.default\">\n\t\t\t\t<div class=\"elementor-widget-container\">\n\t\t\t\t\t\t\t\t\t<div id=\"page\" class=\"site grid-container container hfeed\">\n<div id=\"content\" class=\"site-content\">\n<div id=\"primary\" class=\"content-area\"><main id=\"main\" class=\"site-main\">\n<article id=\"post-540\" class=\"post-540 page type-page status-publish\">\n<div class=\"inside-article\"><header class=\"entry-header\">\n<h1 class=\"entry-title\">Adatv\u00e9delmi t\u00e1j\u00e9koztat\u00f3<\/h1>\n<\/header>\n<div class=\"entry-content\">\n<p>ADATV\u00c9DELEM<br \/>A sz\u00e1munkra \u00e1tadott mag\u00e1nterm\u00e9szet\u0171 adatokat csak \u00e9s kiz\u00e1r\u00f3lag arra haszn\u00e1ljuk fel, amire azt az adat tulajdonosa rendelkez\u00e9s\u00fcnkre bocs\u00e1jtotta. Nem \u0151rz\u00fcnk olyan szem\u00e9lyes adatokat, melyek t\u00e9ved\u00e9sb\u0151l ker\u00fcltek hozz\u00e1nk. Szem\u00e9lyes adatot harmadik f\u00e9l sz\u00e1m\u00e1ra sosem adunk \u00e1t, kiv\u00e9ve azt az esetet, amikor erre jogszab\u00e1ly vagy hat\u00f3s\u00e1g elj\u00e1r\u00e1s keret\u00e9ben k\u00f6telez. A r\u00e1nk b\u00edzott szem\u00e9lyes adatokat gondosan kezelj\u00fck, illetve v\u00e9dj\u00fck az illet\u00e9ktelen felhaszn\u00e1l\u00e1st\u00f3l. Honlapunk l\u00e1togat\u00f3i szok\u00e1sainak vizsg\u00e1lat\u00e1hoz a Google Analytics rendszert haszn\u00e1ljuk, mely \u00f6sszes\u00edt\u0151 statisztika nem alkalmas konkr\u00e9t szem\u00e9lyek beazonos\u00edt\u00e1s\u00e1ra.<\/p>\n<p>S\u00fctik (cookie-k) kezel\u00e9se.<br \/>Az adatkezel\u0151 rendszere automatikusan r\u00f6gz\u00edti a felhaszn\u00e1l\u00f3 sz\u00e1m\u00edt\u00f3g\u00e9p\u00e9nek IP-c\u00edm\u00e9t, a l\u00e1togat\u00e1s kezd\u0151 id\u0151pontj\u00e1t, bizonyos esetekben \u2013a sz\u00e1m\u00edt\u00f3g\u00e9p be\u00e1ll\u00edt\u00e1s\u00e1t\u00f3l f\u00fcgg\u0151en \u2013a b\u00f6ng\u00e9sz\u0151 \u00e9s az oper\u00e1ci\u00f3s rendszer t\u00edpus\u00e1t. Az \u00edgy r\u00f6gz\u00edtett adatok egy\u00e9b szem\u00e9lyes adatokkal nem kapcsolhat\u00f3k \u00f6ssze. Az adatok kezel\u00e9se statisztikai, illetve szerver v\u00e9delmi c\u00e9lokat szolg\u00e1l. A cookie-k lehet\u0151v\u00e9 teszik a weboldal sz\u00e1m\u00e1ra, hogy felismerje a kor\u00e1bbi l\u00e1togat\u00f3kat. A cookie-k a b\u00f6ng\u00e9sz\u00e9si folyamat el\u0151tt \u00e9s ut\u00e1n tetsz\u00e9s szerint t\u00f6r\u00f6lhet\u0151k a b\u00f6ng\u00e9sz\u0151b\u0151l.<br \/>A cookie-k meghagy\u00e1sa a k\u00f6vetkez\u0151 el\u0151ny\u00f6kkel j\u00e1rhat:<br \/>\u2022 megjegyzik a be\u00e1ll\u00edt\u00e1sokat, \u00edgy nem kell azokat a felhaszn\u00e1l\u00f3nak \u00fajra r\u00f6gz\u00edtenie, ha egy \u00faj oldalra l\u00e9p,<br \/>\u2022 eml\u00e9keznek a kor\u00e1bban bevitt adatokra, ez\u00e9rt azokat nem kell \u00fajra beg\u00e9pelni<br \/>A felhaszn\u00e1l\u00f3 be\u00e1ll\u00edthatja webes keres\u0151j\u00e9t \u00fagy, hogy elfogadjon minden s\u00fctit, elutas\u00edtsa mindet vagy \u00e9rtes\u00edtse a felhaszn\u00e1l\u00f3t, ha s\u00fcti \u00e9rkezik a g\u00e9p\u00e9re.<br \/>A be\u00e1ll\u00edt\u00e1si lehet\u0151s\u00e9gek \u00e1ltal\u00e1ban a b\u00f6ng\u00e9sz\u0151 \u201eOpci\u00f3k\u201d vagy \u201eBe\u00e1ll\u00edt\u00e1sok\u201d men\u00fcpontj\u00e1ban tal\u00e1lhat\u00f3k.<br \/>A cookie-k alkalmaz\u00e1s\u00e1nak tilt\u00e1s\u00e1val a felhaszn\u00e1l\u00f3 tudom\u00e1sul veszi, hogy cookie n\u00e9lk\u00fcl a weboldal m\u0171k\u00f6d\u00e9se nem teljes \u00e9rt\u00e9k\u0171<\/p>\n<p>Az oldalunk tartalmaz linkeket m\u00e1s weboldalakra. K\u00e9rj\u00fck vegye figyelembe, hogy a hajduair.hu domain n\u00e9ven k\u00edv\u00fcl nincs hat\u00e1sunk m\u00e1s k\u00fcls\u0151 weboldalakra. Ha inform\u00e1ci\u00f3t szolg\u00e1ltat a felhaszn\u00e1l\u00f3 egy oldalnak, amely n\u00e1lunk megjelenik egy linken, nem v\u00e1llalunk felel\u0151ss\u00e9get a titokkezel\u00e9s\u00e9rt \u00e9s adatv\u00e9delem\u00e9rt.<br \/>Mindig legyen k\u00f6r\u00fcltekint\u0151, miel\u0151tt adatot ad meg weboldalaknak.<\/p>\n<\/div>\n<\/div>\n<\/article>\n<\/main><\/div>\n<\/div>\n<\/div>\t\t\t\t\t\t\t\t<\/div>\n\t\t\t\t<\/div>\n\t\t\t\t\t<\/div>\n\t\t<\/div>\n\t\t\t\t\t<\/div>\n\t\t<\/section>\n\t\t\t\t<\/div>\n\t\t","protected":false},"excerpt":{"rendered":"<p>Adatv\u00e9delmi t\u00e1j\u00e9koztat\u00f3 ADATV\u00c9DELEM A sz\u00e1munkra \u00e1tadott mag\u00e1nterm\u00e9szet\u0171 adatokat csak \u00e9s kiz\u00e1r\u00f3lag arra haszn\u00e1ljuk fel, amire azt az adat tulajdonosa rendelkez\u00e9s\u00fcnkre bocs\u00e1jtotta. Nem \u0151rz\u00fcnk olyan szem\u00e9lyes adatokat, melyek t\u00e9ved\u00e9sb\u0151l ker\u00fcltek hozz\u00e1nk. Szem\u00e9lyes adatot harmadik f\u00e9l sz\u00e1m\u00e1ra sosem adunk \u00e1t, kiv\u00e9ve azt az esetet, amikor erre jogszab\u00e1ly vagy hat\u00f3s\u00e1g elj\u00e1r\u00e1s keret\u00e9ben k\u00f6telez. A r\u00e1nk b\u00edzott szem\u00e9lyes adatokat &#8230; <a title=\"Adatv\u00e9delem\" class=\"read-more\" href=\"https:\/\/angelica-se.hu\/?page_id=3\" aria-label=\"Tov\u00e1bb Adatv\u00e9delem\">Olvass tov\u00e1bb<\/a><\/p>\n","protected":false},"author":1,"featured_media":0,"parent":0,"menu_order":0,"comment_status":"closed","ping_status":"open","template":"","meta":{"footnotes":""},"class_list":["post-3","page","type-page","status-publish"],"_links":{"self":[{"href":"https:\/\/angelica-se.hu\/index.php?rest_route=\/wp\/v2\/pages\/3","targetHints":{"allow":["GET"]}}],"collection":[{"href":"https:\/\/angelica-se.hu\/index.php?rest_route=\/wp\/v2\/pages"}],"about":[{"href":"https:\/\/angelica-se.hu\/index.php?rest_route=\/wp\/v2\/types\/page"}],"author":[{"embeddable":true,"href":"https:\/\/angelica-se.hu\/index.php?rest_route=\/wp\/v2\/users\/1"}],"replies":[{"embeddable":true,"href":"https:\/\/angelica-se.hu\/index.php?rest_route=%2Fwp%2Fv2%2Fcomments&post=3"}],"version-history":[{"count":31,"href":"https:\/\/angelica-se.hu\/index.php?rest_route=\/wp\/v2\/pages\/3\/revisions"}],"predecessor-version":[{"id":623,"href":"https:\/\/angelica-se.hu\/index.php?rest_route=\/wp\/v2\/pages\/3\/revisions\/623"}],"wp:attachment":[{"href":"https:\/\/angelica-se.hu\/index.php?rest_route=%2Fwp%2Fv2%2Fmedia&parent=3"}],"curies":[{"name":"wp","href":"https:\/\/api.w.org\/{rel}","templated":true}]}}