{"id":5,"date":"2021-01-28T15:28:21","date_gmt":"2021-01-28T15:28:21","guid":{"rendered":"https:\/\/angelica-se.hu\/?page_id=5"},"modified":"2023-02-24T08:15:01","modified_gmt":"2023-02-24T08:15:01","slug":"keszitse-el-webhelyet-blokkokkal","status":"publish","type":"page","link":"https:\/\/angelica-se.hu\/","title":{"rendered":"ANGELICA SPORTEGYES\u00dcLET"},"content":{"rendered":"\t\t<div data-elementor-type=\"wp-page\" data-elementor-id=\"5\" class=\"elementor elementor-5\">\n\t\t\t\t\t\t<section class=\"elementor-section elementor-top-section elementor-element elementor-element-fe110f4 elementor-section-height-full elementor-section-content-top elementor-section-stretched elementor-section-boxed elementor-section-height-default elementor-section-items-middle\" data-id=\"fe110f4\" data-element_type=\"section\" data-e-type=\"section\" data-settings=\"{&quot;background_background&quot;:&quot;classic&quot;,&quot;stretch_section&quot;:&quot;section-stretched&quot;}\">\n\t\t\t\t\t\t<div class=\"elementor-container elementor-column-gap-no\">\n\t\t\t\t\t<div class=\"elementor-column elementor-col-100 elementor-top-column elementor-element elementor-element-318ceee\" data-id=\"318ceee\" data-element_type=\"column\" data-e-type=\"column\">\n\t\t\t<div class=\"elementor-widget-wrap elementor-element-populated\">\n\t\t\t\t\t\t<div class=\"elementor-element elementor-element-ad8079c elementor-invisible elementor-widget elementor-widget-text-editor\" data-id=\"ad8079c\" data-element_type=\"widget\" data-e-type=\"widget\" data-settings=\"{&quot;_animation&quot;:&quot;rollIn&quot;,&quot;_animation_tablet&quot;:&quot;rollIn&quot;,&quot;_animation_mobile&quot;:&quot;rollIn&quot;}\" data-widget_type=\"text-editor.default\">\n\t\t\t\t<div class=\"elementor-widget-container\">\n\t\t\t\t\t\t\t\t\t<p>Sportegyes\u00fclet\u00fcnk legfontosabb c\u00e9lja az ifj\u00fas\u00e1gi szabadid\u0151sport n\u00e9pszer\u0171s\u00edt\u00e9se,az egyre ink\u00e1bb h\u00e1tt\u00e9rbe szorul\u00f3 j\u00e1t\u00e9kos k\u00f6z\u00f6s sportol\u00e1s feleleven\u00edt\u00e9se.<br \/>\u00c9s ez \u00e1ltal a fiatal gener\u00e1ci\u00f3 rendszeres testmozg\u00e1sra nevel\u00e9se.<\/p>\t\t\t\t\t\t\t\t<\/div>\n\t\t\t\t<\/div>\n\t\t\t\t\t<\/div>\n\t\t<\/div>\n\t\t\t\t\t<\/div>\n\t\t<\/section>\n\t\t\t\t<section class=\"elementor-section elementor-top-section elementor-element elementor-element-a6c317d elementor-section-height-min-height elementor-section-full_width elementor-section-height-default elementor-section-items-middle\" data-id=\"a6c317d\" data-element_type=\"section\" data-e-type=\"section\">\n\t\t\t\t\t\t\t<div class=\"elementor-background-overlay\"><\/div>\n\t\t\t\t\t\t\t<div class=\"elementor-container elementor-column-gap-default\">\n\t\t\t\t\t<div class=\"elementor-column elementor-col-100 elementor-top-column elementor-element elementor-element-fa4e978\" data-id=\"fa4e978\" data-element_type=\"column\" data-e-type=\"column\">\n\t\t\t<div class=\"elementor-widget-wrap elementor-element-populated\">\n\t\t\t\t\t\t<div class=\"elementor-element elementor-element-399e7f6 elementor-widget elementor-widget-text-editor\" data-id=\"399e7f6\" data-element_type=\"widget\" data-e-type=\"widget\" data-widget_type=\"text-editor.default\">\n\t\t\t\t<div class=\"elementor-widget-container\">\n\t\t\t\t\t\t\t\t\t<p>A sportegyes\u00fclet pihen\u0151 parkj\u00e1ban lehet\u0151s\u00e9get biztos\u00edtunk <br \/>\u00f3vod\u00e1s, iskol\u00e1s, csal\u00e1di, bar\u00e1ti \u00e9s munkahelyi <br \/>akt\u00edv eg\u00e9sz napos sport \u00e9s szabadid\u0151s c\u00e9l\u00fa rendezv\u00e9nyeknek 100 f\u0151ig.<\/p>\t\t\t\t\t\t\t\t<\/div>\n\t\t\t\t<\/div>\n\t\t\t\t\t<\/div>\n\t\t<\/div>\n\t\t\t\t\t<\/div>\n\t\t<\/section>\n\t\t\t\t<\/div>\n\t\t","protected":false},"excerpt":{"rendered":"<p>Sportegyes\u00fclet\u00fcnk legfontosabb c\u00e9lja az ifj\u00fas\u00e1gi szabadid\u0151sport n\u00e9pszer\u0171s\u00edt\u00e9se,az egyre ink\u00e1bb h\u00e1tt\u00e9rbe szorul\u00f3 j\u00e1t\u00e9kos k\u00f6z\u00f6s sportol\u00e1s feleleven\u00edt\u00e9se. \u00c9s ez \u00e1ltal a fiatal gener\u00e1ci\u00f3 rendszeres testmozg\u00e1sra nevel\u00e9se. A sportegyes\u00fclet pihen\u0151 parkj\u00e1ban lehet\u0151s\u00e9get biztos\u00edtunk \u00f3vod\u00e1s, iskol\u00e1s, csal\u00e1di, bar\u00e1ti \u00e9s munkahelyi akt\u00edv eg\u00e9sz napos sport \u00e9s szabadid\u0151s c\u00e9l\u00fa rendezv\u00e9nyeknek 100 f\u0151ig.<\/p>\n","protected":false},"author":1,"featured_media":0,"parent":0,"menu_order":0,"comment_status":"closed","ping_status":"closed","template":"","meta":{"footnotes":""},"class_list":["post-5","page","type-page","status-publish"],"_links":{"self":[{"href":"https:\/\/angelica-se.hu\/index.php?rest_route=\/wp\/v2\/pages\/5","targetHints":{"allow":["GET"]}}],"collection":[{"href":"https:\/\/angelica-se.hu\/index.php?rest_route=\/wp\/v2\/pages"}],"about":[{"href":"https:\/\/angelica-se.hu\/index.php?rest_route=\/wp\/v2\/types\/page"}],"author":[{"embeddable":true,"href":"https:\/\/angelica-se.hu\/index.php?rest_route=\/wp\/v2\/users\/1"}],"replies":[{"embeddable":true,"href":"https:\/\/angelica-se.hu\/index.php?rest_route=%2Fwp%2Fv2%2Fcomments&post=5"}],"version-history":[{"count":245,"href":"https:\/\/angelica-se.hu\/index.php?rest_route=\/wp\/v2\/pages\/5\/revisions"}],"predecessor-version":[{"id":599,"href":"https:\/\/angelica-se.hu\/index.php?rest_route=\/wp\/v2\/pages\/5\/revisions\/599"}],"wp:attachment":[{"href":"https:\/\/angelica-se.hu\/index.php?rest_route=%2Fwp%2Fv2%2Fmedia&parent=5"}],"curies":[{"name":"wp","href":"https:\/\/api.w.org\/{rel}","templated":true}]}}